{"id":58,"date":"2023-01-26T11:31:36","date_gmt":"2023-01-26T10:31:36","guid":{"rendered":"https:\/\/gcmdronevideo.com\/?page_id=58"},"modified":"2023-02-08T11:25:36","modified_gmt":"2023-02-08T10:25:36","slug":"me-contacter","status":"publish","type":"page","link":"https:\/\/gcmdronevideo.com\/index.php\/me-contacter\/","title":{"rendered":"Me contacter"},"content":{"rendered":"\t\t<div data-elementor-type=\"wp-page\" data-elementor-id=\"58\" class=\"elementor elementor-58\">\n\t\t\t\t\t\t<section class=\"elementor-section elementor-top-section elementor-element elementor-element-46a15bc elementor-section-stretched elementor-section-boxed elementor-section-height-default elementor-section-height-default wpr-particle-no wpr-jarallax-no wpr-parallax-no wpr-sticky-section-no wpr-equal-height-no\" data-id=\"46a15bc\" data-element_type=\"section\" data-e-type=\"section\" data-settings=\"{&quot;stretch_section&quot;:&quot;section-stretched&quot;}\">\n\t\t\t\t\t\t<div class=\"elementor-container elementor-column-gap-default\">\n\t\t\t\t\t<div class=\"elementor-column elementor-col-100 elementor-top-column elementor-element elementor-element-48a007b\" data-id=\"48a007b\" data-element_type=\"column\" data-e-type=\"column\">\n\t\t\t<div class=\"elementor-widget-wrap elementor-element-populated\">\n\t\t\t\t\t\t<div class=\"elementor-element elementor-element-56c0189 elementor-widget elementor-widget-video\" data-id=\"56c0189\" data-element_type=\"widget\" data-e-type=\"widget\" data-settings=\"{&quot;video_type&quot;:&quot;hosted&quot;,&quot;autoplay&quot;:&quot;yes&quot;,&quot;mute&quot;:&quot;yes&quot;,&quot;play_on_mobile&quot;:&quot;yes&quot;,&quot;loop&quot;:&quot;yes&quot;}\" data-widget_type=\"video.default\">\n\t\t\t\t<div class=\"elementor-widget-container\">\n\t\t\t\t\t\t\t<div class=\"e-hosted-video elementor-wrapper elementor-open-inline\">\n\t\t\t\t\t<video class=\"elementor-video\" src=\"https:\/\/gcmdronevideo.com\/wp-content\/uploads\/Reel-Drone-1.3.mp4\" autoplay=\"\" loop=\"\" muted=\"muted\" playsinline=\"\" controlsList=\"nodownload\"><\/video>\n\t\t\t\t<\/div>\n\t\t\t\t\t\t<\/div>\n\t\t\t\t<\/div>\n\t\t\t\t\t<\/div>\n\t\t<\/div>\n\t\t\t\t\t<\/div>\n\t\t<\/section>\n\t\t\t\t<section class=\"elementor-section elementor-top-section elementor-element elementor-element-9aeaaa7 elementor-section-boxed elementor-section-height-default elementor-section-height-default wpr-particle-no wpr-jarallax-no wpr-parallax-no wpr-sticky-section-no wpr-equal-height-no\" data-id=\"9aeaaa7\" data-element_type=\"section\" data-e-type=\"section\">\n\t\t\t\t\t\t<div class=\"elementor-container elementor-column-gap-default\">\n\t\t\t\t\t<div class=\"elementor-column elementor-col-100 elementor-top-column elementor-element elementor-element-c8d2623\" data-id=\"c8d2623\" data-element_type=\"column\" data-e-type=\"column\">\n\t\t\t<div class=\"elementor-widget-wrap elementor-element-populated\">\n\t\t\t\t\t\t<section class=\"elementor-section elementor-inner-section elementor-element elementor-element-4135098 elementor-section-boxed elementor-section-height-default elementor-section-height-default wpr-particle-no wpr-jarallax-no wpr-parallax-no wpr-sticky-section-no wpr-equal-height-no\" data-id=\"4135098\" data-element_type=\"section\" data-e-type=\"section\">\n\t\t\t\t\t\t<div class=\"elementor-container elementor-column-gap-default\">\n\t\t\t\t\t<div class=\"elementor-column elementor-col-100 elementor-inner-column elementor-element elementor-element-824728c\" data-id=\"824728c\" data-element_type=\"column\" data-e-type=\"column\">\n\t\t\t<div class=\"elementor-widget-wrap elementor-element-populated\">\n\t\t\t\t\t\t<div class=\"elementor-element elementor-element-af591a3 elementor-widget elementor-widget-text-editor\" data-id=\"af591a3\" data-element_type=\"widget\" data-e-type=\"widget\" data-widget_type=\"text-editor.default\">\n\t\t\t\t<div class=\"elementor-widget-container\">\n\t\t\t\t\t\t\t\t\t<p>N&rsquo;h\u00e9sitez pas \u00e0 me contacter sur les r\u00e9seaux, me suivre et me soutenir !<\/p>\t\t\t\t\t\t\t\t<\/div>\n\t\t\t\t<\/div>\n\t\t\t\t\t<\/div>\n\t\t<\/div>\n\t\t\t\t\t<\/div>\n\t\t<\/section>\n\t\t\t\t<section class=\"elementor-section elementor-inner-section elementor-element elementor-element-1af57e2 elementor-section-boxed elementor-section-height-default elementor-section-height-default wpr-particle-no wpr-jarallax-no wpr-parallax-no wpr-sticky-section-no wpr-equal-height-no\" data-id=\"1af57e2\" data-element_type=\"section\" data-e-type=\"section\">\n\t\t\t\t\t\t<div class=\"elementor-container elementor-column-gap-default\">\n\t\t\t\t\t<div class=\"elementor-column elementor-col-100 elementor-inner-column elementor-element elementor-element-d816c2e\" data-id=\"d816c2e\" data-element_type=\"column\" data-e-type=\"column\">\n\t\t\t<div class=\"elementor-widget-wrap elementor-element-populated\">\n\t\t\t\t\t\t<div class=\"elementor-element elementor-element-eea86ac elementor-shape-rounded elementor-grid-0 e-grid-align-center elementor-widget elementor-widget-social-icons\" data-id=\"eea86ac\" data-element_type=\"widget\" data-e-type=\"widget\" data-widget_type=\"social-icons.default\">\n\t\t\t\t<div class=\"elementor-widget-container\">\n\t\t\t\t\t\t\t<div class=\"elementor-social-icons-wrapper elementor-grid\" role=\"list\">\n\t\t\t\t\t\t\t<span class=\"elementor-grid-item\" role=\"listitem\">\n\t\t\t\t\t<a class=\"elementor-icon elementor-social-icon elementor-social-icon-facebook elementor-repeater-item-391b93a\" href=\"https:\/\/www.facebook.com\/GregChamponMorcillo\" target=\"_blank\">\n\t\t\t\t\t\t<span class=\"elementor-screen-only\">Facebook<\/span>\n\t\t\t\t\t\t<i aria-hidden=\"true\" class=\"fab fa-facebook\"><\/i>\t\t\t\t\t<\/a>\n\t\t\t\t<\/span>\n\t\t\t\t\t\t\t<span class=\"elementor-grid-item\" role=\"listitem\">\n\t\t\t\t\t<a class=\"elementor-icon elementor-social-icon elementor-social-icon-youtube elementor-repeater-item-848ff1d\" href=\"https:\/\/www.youtube.com\/@gregorio13160\" target=\"_blank\">\n\t\t\t\t\t\t<span class=\"elementor-screen-only\">Youtube<\/span>\n\t\t\t\t\t\t<i aria-hidden=\"true\" class=\"fab fa-youtube\"><\/i>\t\t\t\t\t<\/a>\n\t\t\t\t<\/span>\n\t\t\t\t\t\t\t<span class=\"elementor-grid-item\" role=\"listitem\">\n\t\t\t\t\t<a class=\"elementor-icon elementor-social-icon elementor-social-icon-linkedin elementor-repeater-item-627eb1c\" href=\"https:\/\/fr.linkedin.com\/in\/gcm-drone-video-395816176\" target=\"_blank\">\n\t\t\t\t\t\t<span class=\"elementor-screen-only\">Linkedin<\/span>\n\t\t\t\t\t\t<i aria-hidden=\"true\" class=\"fab fa-linkedin\"><\/i>\t\t\t\t\t<\/a>\n\t\t\t\t<\/span>\n\t\t\t\t\t\t\t<span class=\"elementor-grid-item\" role=\"listitem\">\n\t\t\t\t\t<a class=\"elementor-icon elementor-social-icon elementor-social-icon-instagram elementor-repeater-item-7486c60\" href=\"https:\/\/www.instagram.com\/gcm_drone_video\/?hl=fr\" target=\"_blank\">\n\t\t\t\t\t\t<span class=\"elementor-screen-only\">Instagram<\/span>\n\t\t\t\t\t\t<i aria-hidden=\"true\" class=\"fab fa-instagram\"><\/i>\t\t\t\t\t<\/a>\n\t\t\t\t<\/span>\n\t\t\t\t\t\t\t<span class=\"elementor-grid-item\" role=\"listitem\">\n\t\t\t\t\t<a class=\"elementor-icon elementor-social-icon elementor-social-icon-star elementor-repeater-item-8528d4c\" href=\"https:\/\/www.mariages.net\/video-mariage\/gcm-drone-video--e178533\" target=\"_blank\">\n\t\t\t\t\t\t<span class=\"elementor-screen-only\">Star<\/span>\n\t\t\t\t\t\t<i aria-hidden=\"true\" class=\"far fa-star\"><\/i>\t\t\t\t\t<\/a>\n\t\t\t\t<\/span>\n\t\t\t\t\t<\/div>\n\t\t\t\t\t\t<\/div>\n\t\t\t\t<\/div>\n\t\t\t\t\t<\/div>\n\t\t<\/div>\n\t\t\t\t\t<\/div>\n\t\t<\/section>\n\t\t\t\t\t<\/div>\n\t\t<\/div>\n\t\t\t\t\t<\/div>\n\t\t<\/section>\n\t\t\t\t<section class=\"elementor-section elementor-top-section elementor-element elementor-element-2e4c638 elementor-section-boxed elementor-section-height-default elementor-section-height-default wpr-particle-no wpr-jarallax-no wpr-parallax-no wpr-sticky-section-no wpr-equal-height-no\" data-id=\"2e4c638\" data-element_type=\"section\" data-e-type=\"section\">\n\t\t\t\t\t\t<div class=\"elementor-container elementor-column-gap-default\">\n\t\t\t\t\t<div class=\"elementor-column elementor-col-100 elementor-top-column elementor-element elementor-element-a0ed7f8\" data-id=\"a0ed7f8\" data-element_type=\"column\" data-e-type=\"column\">\n\t\t\t<div class=\"elementor-widget-wrap elementor-element-populated\">\n\t\t\t\t\t\t<div class=\"elementor-element elementor-element-c246b3f elementor-widget elementor-widget-shortcode\" data-id=\"c246b3f\" data-element_type=\"widget\" data-e-type=\"widget\" data-widget_type=\"shortcode.default\">\n\t\t\t\t<div class=\"elementor-widget-container\">\n\t\t\t\t\t\t\t<div class=\"elementor-shortcode\">\n<div class=\"wpcf7 no-js\" id=\"wpcf7-f1446-o1\" lang=\"fr-FR\" dir=\"ltr\" data-wpcf7-id=\"1446\">\n<div class=\"screen-reader-response\"><p role=\"status\" aria-live=\"polite\" aria-atomic=\"true\"><\/p> <ul><\/ul><\/div>\n<form action=\"\/index.php\/wp-json\/wp\/v2\/pages\/58#wpcf7-f1446-o1\" method=\"post\" class=\"wpcf7-form init\" aria-label=\"Formulaire de contact\" novalidate=\"novalidate\" data-status=\"init\">\n<fieldset class=\"hidden-fields-container\"><input type=\"hidden\" name=\"_wpcf7\" value=\"1446\" \/><input type=\"hidden\" name=\"_wpcf7_version\" value=\"6.1.5\" \/><input type=\"hidden\" name=\"_wpcf7_locale\" value=\"fr_FR\" \/><input type=\"hidden\" name=\"_wpcf7_unit_tag\" value=\"wpcf7-f1446-o1\" \/><input type=\"hidden\" name=\"_wpcf7_container_post\" value=\"0\" \/><input type=\"hidden\" name=\"_wpcf7_posted_data_hash\" value=\"\" \/>\n<\/fieldset>\n<p><label> Votre nom<br \/>\n<span class=\"wpcf7-form-control-wrap\" data-name=\"your-name\"><input size=\"40\" maxlength=\"400\" class=\"wpcf7-form-control wpcf7-text wpcf7-validates-as-required\" autocomplete=\"name\" aria-required=\"true\" aria-invalid=\"false\" value=\"\" type=\"text\" name=\"your-name\" \/><\/span> <\/label>\n<\/p>\n<p><label> Votre e-mail<br \/>\n<span class=\"wpcf7-form-control-wrap\" data-name=\"your-email\"><input size=\"40\" maxlength=\"400\" class=\"wpcf7-form-control wpcf7-email wpcf7-validates-as-required wpcf7-text wpcf7-validates-as-email\" autocomplete=\"email\" aria-required=\"true\" aria-invalid=\"false\" value=\"\" type=\"email\" name=\"your-email\" \/><\/span> <\/label>\n<\/p>\n<p><label> Objet<br \/>\n<span class=\"wpcf7-form-control-wrap\" data-name=\"your-subject\"><input size=\"40\" maxlength=\"400\" class=\"wpcf7-form-control wpcf7-text wpcf7-validates-as-required\" aria-required=\"true\" aria-invalid=\"false\" value=\"\" type=\"text\" name=\"your-subject\" \/><\/span> <\/label>\n<\/p>\n<p><label> Votre message (facultatif)<br \/>\n<span class=\"wpcf7-form-control-wrap\" data-name=\"your-message\"><textarea cols=\"40\" rows=\"10\" maxlength=\"2000\" class=\"wpcf7-form-control wpcf7-textarea\" aria-invalid=\"false\" name=\"your-message\"><\/textarea><\/span> <\/label>\n<\/p>\n<p><input class=\"wpcf7-form-control wpcf7-submit has-spinner\" type=\"submit\" value=\"Envoyer\" \/>\n<\/p><div class=\"wpcf7-response-output\" aria-hidden=\"true\"><\/div>\n<\/form>\n<\/div>\n<\/div>\n\t\t\t\t\t\t<\/div>\n\t\t\t\t<\/div>\n\t\t\t\t\t<\/div>\n\t\t<\/div>\n\t\t\t\t\t<\/div>\n\t\t<\/section>\n\t\t\t\t<\/div>\n\t\t","protected":false},"excerpt":{"rendered":"<p>https:\/\/gcmdronevideo.com\/wp-content\/uploads\/Reel-Drone-1.3.mp4 N&rsquo;h\u00e9sitez pas \u00e0 me contacter sur les r\u00e9seaux, me suivre et me soutenir !<\/p>\n","protected":false},"author":1,"featured_media":0,"parent":0,"menu_order":0,"comment_status":"closed","ping_status":"closed","template":"page-no-title","meta":{"footnotes":""},"class_list":["post-58","page","type-page","status-publish","hentry"],"yoast_head":"<!-- This site is optimized with the Yoast SEO plugin v27.4 - https:\/\/yoast.com\/product\/yoast-seo-wordpress\/ -->\n<title>Me contacter - GCM Drone Vid\u00e9o<\/title>\n<meta name=\"robots\" content=\"index, follow, max-snippet:-1, max-image-preview:large, max-video-preview:-1\" \/>\n<link rel=\"canonical\" href=\"https:\/\/gcmdronevideo.com\/index.php\/me-contacter\/\" \/>\n<meta property=\"og:locale\" content=\"fr_FR\" \/>\n<meta property=\"og:type\" content=\"article\" \/>\n<meta property=\"og:title\" content=\"Me contacter - GCM Drone Vid\u00e9o\" \/>\n<meta property=\"og:description\" content=\"https:\/\/gcmdronevideo.com\/wp-content\/uploads\/Reel-Drone-1.3.mp4 N&rsquo;h\u00e9sitez pas \u00e0 me contacter sur les r\u00e9seaux, me suivre et me soutenir !\" \/>\n<meta property=\"og:url\" content=\"https:\/\/gcmdronevideo.com\/index.php\/me-contacter\/\" \/>\n<meta property=\"og:site_name\" content=\"GCM Drone Vid\u00e9o\" \/>\n<meta property=\"article:publisher\" content=\"https:\/\/www.facebook.com\/GregChamponMorcillo\/\" \/>\n<meta property=\"article:modified_time\" content=\"2023-02-08T10:25:36+00:00\" \/>\n<meta name=\"twitter:card\" content=\"summary_large_image\" \/>\n<script type=\"application\/ld+json\" class=\"yoast-schema-graph\">{\"@context\":\"https:\\\/\\\/schema.org\",\"@graph\":[{\"@type\":\"WebPage\",\"@id\":\"https:\\\/\\\/gcmdronevideo.com\\\/index.php\\\/me-contacter\\\/\",\"url\":\"https:\\\/\\\/gcmdronevideo.com\\\/index.php\\\/me-contacter\\\/\",\"name\":\"Me contacter - GCM Drone Vid\u00e9o\",\"isPartOf\":{\"@id\":\"https:\\\/\\\/gcmdronevideo.com\\\/#website\"},\"datePublished\":\"2023-01-26T10:31:36+00:00\",\"dateModified\":\"2023-02-08T10:25:36+00:00\",\"breadcrumb\":{\"@id\":\"https:\\\/\\\/gcmdronevideo.com\\\/index.php\\\/me-contacter\\\/#breadcrumb\"},\"inLanguage\":\"fr-FR\",\"potentialAction\":[{\"@type\":\"ReadAction\",\"target\":[\"https:\\\/\\\/gcmdronevideo.com\\\/index.php\\\/me-contacter\\\/\"]}]},{\"@type\":\"BreadcrumbList\",\"@id\":\"https:\\\/\\\/gcmdronevideo.com\\\/index.php\\\/me-contacter\\\/#breadcrumb\",\"itemListElement\":[{\"@type\":\"ListItem\",\"position\":1,\"name\":\"Accueil\",\"item\":\"https:\\\/\\\/gcmdronevideo.com\\\/\"},{\"@type\":\"ListItem\",\"position\":2,\"name\":\"Me contacter\"}]},{\"@type\":\"WebSite\",\"@id\":\"https:\\\/\\\/gcmdronevideo.com\\\/#website\",\"url\":\"https:\\\/\\\/gcmdronevideo.com\\\/\",\"name\":\"GCM Drone Vid\u00e9o\",\"description\":\"\",\"publisher\":{\"@id\":\"https:\\\/\\\/gcmdronevideo.com\\\/#organization\"},\"potentialAction\":[{\"@type\":\"SearchAction\",\"target\":{\"@type\":\"EntryPoint\",\"urlTemplate\":\"https:\\\/\\\/gcmdronevideo.com\\\/?s={search_term_string}\"},\"query-input\":{\"@type\":\"PropertyValueSpecification\",\"valueRequired\":true,\"valueName\":\"search_term_string\"}}],\"inLanguage\":\"fr-FR\"},{\"@type\":\"Organization\",\"@id\":\"https:\\\/\\\/gcmdronevideo.com\\\/#organization\",\"name\":\"GCM drone vid\u00e9o\",\"alternateName\":\"GCM\",\"url\":\"https:\\\/\\\/gcmdronevideo.com\\\/\",\"logo\":{\"@type\":\"ImageObject\",\"inLanguage\":\"fr-FR\",\"@id\":\"https:\\\/\\\/gcmdronevideo.com\\\/#\\\/schema\\\/logo\\\/image\\\/\",\"url\":\"https:\\\/\\\/gcmdronevideo.com\\\/wp-content\\\/uploads\\\/2023\\\/01\\\/logo-transp.png\",\"contentUrl\":\"https:\\\/\\\/gcmdronevideo.com\\\/wp-content\\\/uploads\\\/2023\\\/01\\\/logo-transp.png\",\"width\":1280,\"height\":1279,\"caption\":\"GCM drone vid\u00e9o\"},\"image\":{\"@id\":\"https:\\\/\\\/gcmdronevideo.com\\\/#\\\/schema\\\/logo\\\/image\\\/\"},\"sameAs\":[\"https:\\\/\\\/www.facebook.com\\\/GregChamponMorcillo\\\/\",\"https:\\\/\\\/www.youtube.com\\\/@gregorio13160\\\/featured\"]}]}<\/script>\n<!-- \/ Yoast SEO plugin. -->","yoast_head_json":{"title":"Me contacter - GCM Drone Vid\u00e9o","robots":{"index":"index","follow":"follow","max-snippet":"max-snippet:-1","max-image-preview":"max-image-preview:large","max-video-preview":"max-video-preview:-1"},"canonical":"https:\/\/gcmdronevideo.com\/index.php\/me-contacter\/","og_locale":"fr_FR","og_type":"article","og_title":"Me contacter - GCM Drone Vid\u00e9o","og_description":"https:\/\/gcmdronevideo.com\/wp-content\/uploads\/Reel-Drone-1.3.mp4 N&rsquo;h\u00e9sitez pas \u00e0 me contacter sur les r\u00e9seaux, me suivre et me soutenir !","og_url":"https:\/\/gcmdronevideo.com\/index.php\/me-contacter\/","og_site_name":"GCM Drone Vid\u00e9o","article_publisher":"https:\/\/www.facebook.com\/GregChamponMorcillo\/","article_modified_time":"2023-02-08T10:25:36+00:00","twitter_card":"summary_large_image","schema":{"@context":"https:\/\/schema.org","@graph":[{"@type":"WebPage","@id":"https:\/\/gcmdronevideo.com\/index.php\/me-contacter\/","url":"https:\/\/gcmdronevideo.com\/index.php\/me-contacter\/","name":"Me contacter - GCM Drone Vid\u00e9o","isPartOf":{"@id":"https:\/\/gcmdronevideo.com\/#website"},"datePublished":"2023-01-26T10:31:36+00:00","dateModified":"2023-02-08T10:25:36+00:00","breadcrumb":{"@id":"https:\/\/gcmdronevideo.com\/index.php\/me-contacter\/#breadcrumb"},"inLanguage":"fr-FR","potentialAction":[{"@type":"ReadAction","target":["https:\/\/gcmdronevideo.com\/index.php\/me-contacter\/"]}]},{"@type":"BreadcrumbList","@id":"https:\/\/gcmdronevideo.com\/index.php\/me-contacter\/#breadcrumb","itemListElement":[{"@type":"ListItem","position":1,"name":"Accueil","item":"https:\/\/gcmdronevideo.com\/"},{"@type":"ListItem","position":2,"name":"Me contacter"}]},{"@type":"WebSite","@id":"https:\/\/gcmdronevideo.com\/#website","url":"https:\/\/gcmdronevideo.com\/","name":"GCM Drone Vid\u00e9o","description":"","publisher":{"@id":"https:\/\/gcmdronevideo.com\/#organization"},"potentialAction":[{"@type":"SearchAction","target":{"@type":"EntryPoint","urlTemplate":"https:\/\/gcmdronevideo.com\/?s={search_term_string}"},"query-input":{"@type":"PropertyValueSpecification","valueRequired":true,"valueName":"search_term_string"}}],"inLanguage":"fr-FR"},{"@type":"Organization","@id":"https:\/\/gcmdronevideo.com\/#organization","name":"GCM drone vid\u00e9o","alternateName":"GCM","url":"https:\/\/gcmdronevideo.com\/","logo":{"@type":"ImageObject","inLanguage":"fr-FR","@id":"https:\/\/gcmdronevideo.com\/#\/schema\/logo\/image\/","url":"https:\/\/gcmdronevideo.com\/wp-content\/uploads\/2023\/01\/logo-transp.png","contentUrl":"https:\/\/gcmdronevideo.com\/wp-content\/uploads\/2023\/01\/logo-transp.png","width":1280,"height":1279,"caption":"GCM drone vid\u00e9o"},"image":{"@id":"https:\/\/gcmdronevideo.com\/#\/schema\/logo\/image\/"},"sameAs":["https:\/\/www.facebook.com\/GregChamponMorcillo\/","https:\/\/www.youtube.com\/@gregorio13160\/featured"]}]}},"_links":{"self":[{"href":"https:\/\/gcmdronevideo.com\/index.php\/wp-json\/wp\/v2\/pages\/58","targetHints":{"allow":["GET"]}}],"collection":[{"href":"https:\/\/gcmdronevideo.com\/index.php\/wp-json\/wp\/v2\/pages"}],"about":[{"href":"https:\/\/gcmdronevideo.com\/index.php\/wp-json\/wp\/v2\/types\/page"}],"author":[{"embeddable":true,"href":"https:\/\/gcmdronevideo.com\/index.php\/wp-json\/wp\/v2\/users\/1"}],"replies":[{"embeddable":true,"href":"https:\/\/gcmdronevideo.com\/index.php\/wp-json\/wp\/v2\/comments?post=58"}],"version-history":[{"count":76,"href":"https:\/\/gcmdronevideo.com\/index.php\/wp-json\/wp\/v2\/pages\/58\/revisions"}],"predecessor-version":[{"id":1500,"href":"https:\/\/gcmdronevideo.com\/index.php\/wp-json\/wp\/v2\/pages\/58\/revisions\/1500"}],"wp:attachment":[{"href":"https:\/\/gcmdronevideo.com\/index.php\/wp-json\/wp\/v2\/media?parent=58"}],"curies":[{"name":"wp","href":"https:\/\/api.w.org\/{rel}","templated":true}]}}