{"id":748,"date":"2023-02-01T10:35:39","date_gmt":"2023-02-01T09:35:39","guid":{"rendered":"https:\/\/gcmdronevideo.com\/?page_id=748"},"modified":"2023-02-09T11:31:53","modified_gmt":"2023-02-09T10:31:53","slug":"mentions-legales","status":"publish","type":"page","link":"https:\/\/gcmdronevideo.com\/index.php\/mentions-legales\/","title":{"rendered":"Mentions L\u00e9gales"},"content":{"rendered":"\n<h2 class=\"wp-block-heading\">1. Pr\u00e9sentation du site<\/h2>\n\n\n\n<p>En vertu de l\u2019article 6 de la loi n\u00b0 2004-575 du 21 juin 2004 pour la confiance dans l\u2019\u00e9conomie num\u00e9rique, il est pr\u00e9cis\u00e9 aux utilisateurs du site<strong> https:\/\/gcmdronevideo.com<\/strong> l\u2019identit\u00e9 des diff\u00e9rents intervenants dans le cadre de sa r\u00e9alisation et de son suivi :<\/p>\n\n\n\n<p><strong>Propri\u00e9taire<\/strong> : <\/p>\n\n\n\n<figure id=\"etab\" class=\"wp-block-table\"><table><tbody><tr><td>GCM DRONE VIDEO<\/td><\/tr><tr><td>Adresse<\/td><td>127 RUE DE LA MASSETTE<\/td><\/tr><tr><td>Code postal<\/td><td>84000<\/td><\/tr><tr><td>Ville<\/td><td>AVIGNON<\/td><\/tr><tr><td>Pays<\/td><td>France<\/td><\/tr><\/tbody><\/table><figcaption class=\"wp-element-caption\">Num\u00e9ro Siret : 84036724700011<\/figcaption><\/figure>\n\n\n\n<p><strong>Cr\u00e9ateur<\/strong> : <strong><a href=\"https:\/\/yoanlefebvre.fr\">Yoan Lefebvre<\/a><\/strong><\/p>\n\n\n\n<p>336 Chemin du c\u00e8dre<\/p>\n\n\n\n<p>84140 Montfavet<\/p>\n\n\n\n<p>SIRET : 805 029 030 00022<\/p>\n\n\n\n<p><\/p>\n\n\n\n<p><strong>H\u00e9bergeur<\/strong> : Site internet motoris\u00e9 par le CMS WordPress<\/p>\n\n\n\n<p>Conception  <a href=\"https:\/\/yoanlefebvre.fr\">Yoan Lefebvre<\/a>.<\/p>\n\n\n\n<p>H\u00e9bergement du site assur\u00e9e par la marque Hostinger<\/p>\n\n\n\n<h4 class=\"wp-block-heading\">Larnaca, Chypre<\/h4>\n\n\n\n<p>Hostinger International Ltd.<br>61 rue Lordou Vironos, 6023<\/p>\n\n\n\n<p>H\u00e9bergement du nom de domaine assur\u00e9 par la soci\u00e9t\u00e9 Hostinger <\/p>\n\n\n\n<h4 class=\"wp-block-heading\">Larnaca, Chypre<\/h4>\n\n\n\n<p>Hostinger International Ltd.<br>61 rue Lordou Vironos, 6023<\/p>\n\n\n\n<h2 class=\"wp-block-heading\">2. Conditions g\u00e9n\u00e9rales d\u2019utilisation du site et des services propos\u00e9s<\/h2>\n\n\n\n<p>L\u2019utilisation du site <strong>https:\/\/gcmdronevideo.com<\/strong> implique l\u2019acceptation pleine et enti\u00e8re des conditions g\u00e9n\u00e9rales d\u2019utilisation ci-apr\u00e8s d\u00e9crites.<\/p>\n\n\n\n<p>Ces conditions d\u2019utilisation sont susceptibles d\u2019\u00eatre modifi\u00e9es ou compl\u00e9t\u00e9es \u00e0 tout moment, les utilisateurs du site <strong><strong>https:\/\/gcmdronevideo<\/strong>.com<\/strong> sont donc invit\u00e9s \u00e0 les consulter de mani\u00e8re r\u00e9guli\u00e8re. Ce site est normalement accessible \u00e0 tout moment aux utilisateurs.<\/p>\n\n\n\n<p>Une interruption pour raison de maintenance technique peut \u00eatre toutefois d\u00e9cid\u00e9e par GCM Drone Video, qui s\u2019efforcera alors de communiquer pr\u00e9alablement aux utilisateurs les dates et heures de l\u2019intervention.<\/p>\n\n\n\n<p>Le site <strong>https:\/\/gcmdronevideo.com<\/strong> est mis \u00e0 jour r\u00e9guli\u00e8rement par GCM drone vid\u00e9o, de m\u00eame fa\u00e7on, les mentions l\u00e9gales peuvent \u00eatre modifi\u00e9es \u00e0 tout moment : elles s\u2019imposent n\u00e9anmoins \u00e0 l\u2019utilisateur qui est invit\u00e9 \u00e0 s\u2019y r\u00e9f\u00e9rer le plus souvent possible afin d\u2019en prendre connaissance.<\/p>\n\n\n\n<h2 class=\"wp-block-heading\">3. Description des services fournis<\/h2>\n\n\n\n<p>Le site <strong>https:\/\/gcmdronevideo.com<\/strong>&nbsp; a pour objet de fournir une information concernant l\u2019ensemble des activit\u00e9s de la soci\u00e9t\u00e9.<\/p>\n\n\n\n<p>&nbsp; GCM Drone Vid\u00e9o s\u2019efforce de fournir sur le site <strong>https:\/\/gcmdronevideo.com<\/strong> des informations aussi pr\u00e9cises que possible.<\/p>\n\n\n\n<p>Toutefois, il ne pourra \u00eatre tenue responsable des omissions, des inexactitudes et des carences dans la mise \u00e0 jour, qu\u2019elles soient de son fait ou du fait des tiers partenaires qui lui fournissent ces informations.<\/p>\n\n\n\n<p>Toutes les informations indiqu\u00e9es sur le site <strong>https:\/\/gcmdronevideo.com<\/strong> sont donn\u00e9es \u00e0 titre indicatif et sont susceptibles d\u2019\u00e9voluer. Par ailleurs, les renseignements figurant sur le site <strong><strong>https:\/\/gcmdronevideo<\/strong>.com<\/strong> ne sont pas exhaustifs. Ils sont donn\u00e9s sous r\u00e9serve de modifications ayant \u00e9t\u00e9 apport\u00e9es depuis leur mise en ligne.<\/p>\n\n\n\n<h2 class=\"wp-block-heading\">4. Limitations contractuelles sur les donn\u00e9es techniques<\/h2>\n\n\n\n<p>Le site utilise la technologie JavaScript. Le site <strong><strong>https:\/\/gcmdronevideo<\/strong>.com<\/strong> ne pourra \u00eatre tenu responsable de dommages mat\u00e9riels li\u00e9s \u00e0 l\u2019utilisation du site. De plus, l\u2019utilisateur du site s\u2019engage \u00e0 acc\u00e9der au site en utilisant un mat\u00e9riel r\u00e9cent, ne contenant pas de virus et avec un navigateur de derni\u00e8re g\u00e9n\u00e9ration mis \u00e0 jour.<\/p>\n\n\n\n<h2 class=\"wp-block-heading\">5. Propri\u00e9t\u00e9 intellectuelle et contrefa\u00e7ons<\/h2>\n\n\n\n<p>GCM Drone Vid\u00e9o est propri\u00e9taire des droits de propri\u00e9t\u00e9 intellectuelle et d\u00e9tient les droits d\u2019usage sur tous les \u00e9l\u00e9ments accessibles sur le site, notamment les textes, images, graphismes, logo, ic\u00f4nes, sons, logiciels. Toute reproduction, repr\u00e9sentation, modification, publication, adaptation de tout ou partie des \u00e9l\u00e9ments du site, quel que soit le moyen ou le proc\u00e9d\u00e9 utilis\u00e9, est interdite, sauf autorisation \u00e9crite pr\u00e9alable de : GCM Drone Vid\u00e9o.<\/p>\n\n\n\n<p>Toute exploitation non autoris\u00e9e du site ou de l\u2019un quelconque des \u00e9l\u00e9ments qu\u2019il contient sera consid\u00e9r\u00e9e comme constitutive d\u2019une contrefa\u00e7on et poursuivie conform\u00e9ment aux dispositions des articles L.335-2 et suivants du Code de Propri\u00e9t\u00e9 Intellectuelle.<\/p>\n\n\n\n<h2 class=\"wp-block-heading\">6. Limitations de responsabilit\u00e9<\/h2>\n\n\n\n<p>GCM Drone Vid\u00e9o ne pourra \u00eatre tenue responsable des dommages directs et indirects caus\u00e9s au mat\u00e9riel de l\u2019utilisateur, lors de l\u2019acc\u00e8s au site, et r\u00e9sultant soit de l\u2019utilisation d\u2019un mat\u00e9riel ne r\u00e9pondant pas aux sp\u00e9cifications indiqu\u00e9es au point 4, soit de l\u2019apparition d\u2019un bug ou d\u2019une incompatibilit\u00e9. GCM Drone Vid\u00e9o ne pourra \u00e9galement \u00eatre tenue responsable des dommages indirects (tels par exemple qu\u2019une perte de march\u00e9 ou perte d\u2019une chance) cons\u00e9cutifs \u00e0 l\u2019utilisation du site <strong>https:\/\/gcmdronevideo.com<\/strong>&nbsp;.<\/p>\n\n\n\n<p>Des espaces interactifs (possibilit\u00e9 de poser des questions dans l\u2019espace contact) sont \u00e0 la disposition des utilisateurs. GCM Drone Vid\u00e9o se r\u00e9serve le droit de supprimer, sans mise en demeure pr\u00e9alable, tout contenu d\u00e9pos\u00e9 dans cet espace qui contreviendrait \u00e0 la l\u00e9gislation applicable en France, en particulier aux dispositions relatives \u00e0 la protection des donn\u00e9es. Le cas \u00e9ch\u00e9ant, GCM Drone Vid\u00e9o se r\u00e9serve \u00e9galement la possibilit\u00e9 de mettre en cause la responsabilit\u00e9 civile et\/ou p\u00e9nale de l\u2019utilisateur, notamment en cas de message \u00e0 caract\u00e8re raciste, injurieux, diffamant, ou pornographique, quel que soit le support utilis\u00e9 (texte, photographie\u2026).<\/p>\n","protected":false},"excerpt":{"rendered":"<p>1. Pr\u00e9sentation du site En vertu de l\u2019article 6 de la loi n\u00b0 2004-575 du<\/p>\n","protected":false},"author":1,"featured_media":0,"parent":0,"menu_order":0,"comment_status":"closed","ping_status":"closed","template":"","meta":{"footnotes":""},"class_list":["post-748","page","type-page","status-publish","hentry"],"yoast_head":"<!-- This site is optimized with the Yoast SEO plugin v27.4 - https:\/\/yoast.com\/product\/yoast-seo-wordpress\/ -->\n<title>Mentions L\u00e9gales - GCM Drone Vid\u00e9o<\/title>\n<meta name=\"robots\" content=\"index, follow, max-snippet:-1, max-image-preview:large, max-video-preview:-1\" \/>\n<link rel=\"canonical\" href=\"https:\/\/gcmdronevideo.com\/index.php\/mentions-legales\/\" \/>\n<meta property=\"og:locale\" content=\"fr_FR\" \/>\n<meta property=\"og:type\" content=\"article\" \/>\n<meta property=\"og:title\" content=\"Mentions L\u00e9gales - GCM Drone Vid\u00e9o\" \/>\n<meta property=\"og:description\" content=\"1. Pr\u00e9sentation du site En vertu de l\u2019article 6 de la loi n\u00b0 2004-575 du\" \/>\n<meta property=\"og:url\" content=\"https:\/\/gcmdronevideo.com\/index.php\/mentions-legales\/\" \/>\n<meta property=\"og:site_name\" content=\"GCM Drone Vid\u00e9o\" \/>\n<meta property=\"article:publisher\" content=\"https:\/\/www.facebook.com\/GregChamponMorcillo\/\" \/>\n<meta property=\"article:modified_time\" content=\"2023-02-09T10:31:53+00:00\" \/>\n<meta name=\"twitter:card\" content=\"summary_large_image\" \/>\n<meta name=\"twitter:label1\" content=\"Dur\u00e9e de lecture estim\u00e9e\" \/>\n\t<meta name=\"twitter:data1\" content=\"4 minutes\" \/>\n<script type=\"application\/ld+json\" class=\"yoast-schema-graph\">{\"@context\":\"https:\\\/\\\/schema.org\",\"@graph\":[{\"@type\":\"WebPage\",\"@id\":\"https:\\\/\\\/gcmdronevideo.com\\\/index.php\\\/mentions-legales\\\/\",\"url\":\"https:\\\/\\\/gcmdronevideo.com\\\/index.php\\\/mentions-legales\\\/\",\"name\":\"Mentions L\u00e9gales - GCM Drone Vid\u00e9o\",\"isPartOf\":{\"@id\":\"https:\\\/\\\/gcmdronevideo.com\\\/#website\"},\"datePublished\":\"2023-02-01T09:35:39+00:00\",\"dateModified\":\"2023-02-09T10:31:53+00:00\",\"breadcrumb\":{\"@id\":\"https:\\\/\\\/gcmdronevideo.com\\\/index.php\\\/mentions-legales\\\/#breadcrumb\"},\"inLanguage\":\"fr-FR\",\"potentialAction\":[{\"@type\":\"ReadAction\",\"target\":[\"https:\\\/\\\/gcmdronevideo.com\\\/index.php\\\/mentions-legales\\\/\"]}]},{\"@type\":\"BreadcrumbList\",\"@id\":\"https:\\\/\\\/gcmdronevideo.com\\\/index.php\\\/mentions-legales\\\/#breadcrumb\",\"itemListElement\":[{\"@type\":\"ListItem\",\"position\":1,\"name\":\"Accueil\",\"item\":\"https:\\\/\\\/gcmdronevideo.com\\\/\"},{\"@type\":\"ListItem\",\"position\":2,\"name\":\"Mentions L\u00e9gales\"}]},{\"@type\":\"WebSite\",\"@id\":\"https:\\\/\\\/gcmdronevideo.com\\\/#website\",\"url\":\"https:\\\/\\\/gcmdronevideo.com\\\/\",\"name\":\"GCM Drone Vid\u00e9o\",\"description\":\"\",\"publisher\":{\"@id\":\"https:\\\/\\\/gcmdronevideo.com\\\/#organization\"},\"potentialAction\":[{\"@type\":\"SearchAction\",\"target\":{\"@type\":\"EntryPoint\",\"urlTemplate\":\"https:\\\/\\\/gcmdronevideo.com\\\/?s={search_term_string}\"},\"query-input\":{\"@type\":\"PropertyValueSpecification\",\"valueRequired\":true,\"valueName\":\"search_term_string\"}}],\"inLanguage\":\"fr-FR\"},{\"@type\":\"Organization\",\"@id\":\"https:\\\/\\\/gcmdronevideo.com\\\/#organization\",\"name\":\"GCM drone vid\u00e9o\",\"alternateName\":\"GCM\",\"url\":\"https:\\\/\\\/gcmdronevideo.com\\\/\",\"logo\":{\"@type\":\"ImageObject\",\"inLanguage\":\"fr-FR\",\"@id\":\"https:\\\/\\\/gcmdronevideo.com\\\/#\\\/schema\\\/logo\\\/image\\\/\",\"url\":\"https:\\\/\\\/gcmdronevideo.com\\\/wp-content\\\/uploads\\\/2023\\\/01\\\/logo-transp.png\",\"contentUrl\":\"https:\\\/\\\/gcmdronevideo.com\\\/wp-content\\\/uploads\\\/2023\\\/01\\\/logo-transp.png\",\"width\":1280,\"height\":1279,\"caption\":\"GCM drone vid\u00e9o\"},\"image\":{\"@id\":\"https:\\\/\\\/gcmdronevideo.com\\\/#\\\/schema\\\/logo\\\/image\\\/\"},\"sameAs\":[\"https:\\\/\\\/www.facebook.com\\\/GregChamponMorcillo\\\/\",\"https:\\\/\\\/www.youtube.com\\\/@gregorio13160\\\/featured\"]}]}<\/script>\n<!-- \/ Yoast SEO plugin. -->","yoast_head_json":{"title":"Mentions L\u00e9gales - GCM Drone Vid\u00e9o","robots":{"index":"index","follow":"follow","max-snippet":"max-snippet:-1","max-image-preview":"max-image-preview:large","max-video-preview":"max-video-preview:-1"},"canonical":"https:\/\/gcmdronevideo.com\/index.php\/mentions-legales\/","og_locale":"fr_FR","og_type":"article","og_title":"Mentions L\u00e9gales - GCM Drone Vid\u00e9o","og_description":"1. Pr\u00e9sentation du site En vertu de l\u2019article 6 de la loi n\u00b0 2004-575 du","og_url":"https:\/\/gcmdronevideo.com\/index.php\/mentions-legales\/","og_site_name":"GCM Drone Vid\u00e9o","article_publisher":"https:\/\/www.facebook.com\/GregChamponMorcillo\/","article_modified_time":"2023-02-09T10:31:53+00:00","twitter_card":"summary_large_image","twitter_misc":{"Dur\u00e9e de lecture estim\u00e9e":"4 minutes"},"schema":{"@context":"https:\/\/schema.org","@graph":[{"@type":"WebPage","@id":"https:\/\/gcmdronevideo.com\/index.php\/mentions-legales\/","url":"https:\/\/gcmdronevideo.com\/index.php\/mentions-legales\/","name":"Mentions L\u00e9gales - GCM Drone Vid\u00e9o","isPartOf":{"@id":"https:\/\/gcmdronevideo.com\/#website"},"datePublished":"2023-02-01T09:35:39+00:00","dateModified":"2023-02-09T10:31:53+00:00","breadcrumb":{"@id":"https:\/\/gcmdronevideo.com\/index.php\/mentions-legales\/#breadcrumb"},"inLanguage":"fr-FR","potentialAction":[{"@type":"ReadAction","target":["https:\/\/gcmdronevideo.com\/index.php\/mentions-legales\/"]}]},{"@type":"BreadcrumbList","@id":"https:\/\/gcmdronevideo.com\/index.php\/mentions-legales\/#breadcrumb","itemListElement":[{"@type":"ListItem","position":1,"name":"Accueil","item":"https:\/\/gcmdronevideo.com\/"},{"@type":"ListItem","position":2,"name":"Mentions L\u00e9gales"}]},{"@type":"WebSite","@id":"https:\/\/gcmdronevideo.com\/#website","url":"https:\/\/gcmdronevideo.com\/","name":"GCM Drone Vid\u00e9o","description":"","publisher":{"@id":"https:\/\/gcmdronevideo.com\/#organization"},"potentialAction":[{"@type":"SearchAction","target":{"@type":"EntryPoint","urlTemplate":"https:\/\/gcmdronevideo.com\/?s={search_term_string}"},"query-input":{"@type":"PropertyValueSpecification","valueRequired":true,"valueName":"search_term_string"}}],"inLanguage":"fr-FR"},{"@type":"Organization","@id":"https:\/\/gcmdronevideo.com\/#organization","name":"GCM drone vid\u00e9o","alternateName":"GCM","url":"https:\/\/gcmdronevideo.com\/","logo":{"@type":"ImageObject","inLanguage":"fr-FR","@id":"https:\/\/gcmdronevideo.com\/#\/schema\/logo\/image\/","url":"https:\/\/gcmdronevideo.com\/wp-content\/uploads\/2023\/01\/logo-transp.png","contentUrl":"https:\/\/gcmdronevideo.com\/wp-content\/uploads\/2023\/01\/logo-transp.png","width":1280,"height":1279,"caption":"GCM drone vid\u00e9o"},"image":{"@id":"https:\/\/gcmdronevideo.com\/#\/schema\/logo\/image\/"},"sameAs":["https:\/\/www.facebook.com\/GregChamponMorcillo\/","https:\/\/www.youtube.com\/@gregorio13160\/featured"]}]}},"_links":{"self":[{"href":"https:\/\/gcmdronevideo.com\/index.php\/wp-json\/wp\/v2\/pages\/748","targetHints":{"allow":["GET"]}}],"collection":[{"href":"https:\/\/gcmdronevideo.com\/index.php\/wp-json\/wp\/v2\/pages"}],"about":[{"href":"https:\/\/gcmdronevideo.com\/index.php\/wp-json\/wp\/v2\/types\/page"}],"author":[{"embeddable":true,"href":"https:\/\/gcmdronevideo.com\/index.php\/wp-json\/wp\/v2\/users\/1"}],"replies":[{"embeddable":true,"href":"https:\/\/gcmdronevideo.com\/index.php\/wp-json\/wp\/v2\/comments?post=748"}],"version-history":[{"count":9,"href":"https:\/\/gcmdronevideo.com\/index.php\/wp-json\/wp\/v2\/pages\/748\/revisions"}],"predecessor-version":[{"id":1521,"href":"https:\/\/gcmdronevideo.com\/index.php\/wp-json\/wp\/v2\/pages\/748\/revisions\/1521"}],"wp:attachment":[{"href":"https:\/\/gcmdronevideo.com\/index.php\/wp-json\/wp\/v2\/media?parent=748"}],"curies":[{"name":"wp","href":"https:\/\/api.w.org\/{rel}","templated":true}]}}